{"id":35,"date":"2015-04-28T15:52:51","date_gmt":"2015-04-28T15:52:51","guid":{"rendered":"http:\/\/madagascar-tulear.com\/?page_id=35"},"modified":"2015-04-28T15:52:51","modified_gmt":"2015-04-28T15:52:51","slug":"a-propos-2","status":"publish","type":"page","link":"https:\/\/madagascar-tulear.com\/?page_id=35","title":{"rendered":"A propos"},"content":{"rendered":"<p><a href=\"http:\/\/madagascar-tulear.com\/wp-content\/uploads\/2015\/04\/d\u00e9cembre-2013-154o.jpg\"><img loading=\"lazy\" class=\"alignnone size-full wp-image-32\" src=\"http:\/\/madagascar-tulear.com\/wp-content\/uploads\/2015\/04\/d\u00e9cembre-2013-154o.jpg\" alt=\"d\u00e9cembre-2013-154o\" width=\"4320\" height=\"3240\" srcset=\"https:\/\/madagascar-tulear.com\/wp-content\/uploads\/2015\/04\/d\u00e9cembre-2013-154o.jpg 4320w, https:\/\/madagascar-tulear.com\/wp-content\/uploads\/2015\/04\/d\u00e9cembre-2013-154o-300x225.jpg 300w, https:\/\/madagascar-tulear.com\/wp-content\/uploads\/2015\/04\/d\u00e9cembre-2013-154o-1024x768.jpg 1024w\" sizes=\"(max-width: 4320px) 100vw, 4320px\" \/><\/a><\/p>\n<p>&nbsp;<\/p>\n<p>Bonjour \u00e0 toutes et \u00e0 tous!<\/p>\n<p>Et merci \u00e0 ceux qui ont eu la patience de m&rsquo;apprendre quelques rudiments du web, sans qui ce site n&rsquo;existerait pas.<\/p>\n<p>Je vous propose de vous emmener visiter quelques villes du sud de Madagascar et aussi quelques ballades dans l&rsquo;Atsimo Andrefana magnifique province de Tulear.<\/p>\n<p>Alors, bonne visite \u00e0 tous!<\/p>\n<p>&nbsp;<\/p>\n","protected":false},"excerpt":{"rendered":"<p>&nbsp; Bonjour \u00e0 toutes et \u00e0 tous! Et merci \u00e0 ceux qui ont eu la patience de m&rsquo;apprendre quelques rudiments du web, sans qui ce site n&rsquo;existerait pas. Je vous propose de vous emmener visiter quelques villes du sud de Madagascar et aussi quelques ballades dans l&rsquo;Atsimo Andrefana magnifique province de Tulear. Alors, bonne visite [&hellip;]<\/p>\n","protected":false},"author":2,"featured_media":0,"parent":0,"menu_order":0,"comment_status":"open","ping_status":"open","template":"","meta":[],"_links":{"self":[{"href":"https:\/\/madagascar-tulear.com\/index.php?rest_route=\/wp\/v2\/pages\/35"}],"collection":[{"href":"https:\/\/madagascar-tulear.com\/index.php?rest_route=\/wp\/v2\/pages"}],"about":[{"href":"https:\/\/madagascar-tulear.com\/index.php?rest_route=\/wp\/v2\/types\/page"}],"author":[{"embeddable":true,"href":"https:\/\/madagascar-tulear.com\/index.php?rest_route=\/wp\/v2\/users\/2"}],"replies":[{"embeddable":true,"href":"https:\/\/madagascar-tulear.com\/index.php?rest_route=%2Fwp%2Fv2%2Fcomments&post=35"}],"version-history":[{"count":2,"href":"https:\/\/madagascar-tulear.com\/index.php?rest_route=\/wp\/v2\/pages\/35\/revisions"}],"predecessor-version":[{"id":37,"href":"https:\/\/madagascar-tulear.com\/index.php?rest_route=\/wp\/v2\/pages\/35\/revisions\/37"}],"wp:attachment":[{"href":"https:\/\/madagascar-tulear.com\/index.php?rest_route=%2Fwp%2Fv2%2Fmedia&parent=35"}],"curies":[{"name":"wp","href":"https:\/\/api.w.org\/{rel}","templated":true}]}}